{"id":4493,"date":"2013-09-27T11:27:31","date_gmt":"2013-09-27T09:27:31","guid":{"rendered":"https:\/\/www.nextconsulting.se\/\/beta\/varumarkesundersokning\/"},"modified":"2024-03-02T23:31:27","modified_gmt":"2024-03-02T22:31:27","slug":"brand-survey","status":"publish","type":"page","link":"https:\/\/www.nextconsulting.se\/en\/brand-survey\/","title":{"rendered":"Brand survey"},"content":{"rendered":"<p><strong>A brand survey is an important tool for many different types of work relating to brand development. With a brand survey, you can measure brand awareness and brand attitude, and see how the market rates your brand compared to your competitors.<\/strong><\/p>\n<p><b> We also offer continuous brand studies\/brand tracking for closer monitoring of your brand.<\/b><\/p>\n<p>&nbsp;<\/p>\n<h2>Brand surveys adapted to your needs<\/h2>\n<p>A brand survey can cover a range of different topics regarding a brand. In most cases we measure brand awareness and brand attitude\/acceptance. We design brand surveys to match your specific needs. Maybe you want insight in order to establish a direction before making a marketing plan, or maybe you just want to monitor your marketing activities.<\/p>\n<p>We produce brand surveys that target both the general population and specific target groups based on your desired target group, no matter if it\u2019s made up of private individuals or companies. We can also conduct brand surveys internationally using both web surveys and telephone interviews.<\/p>\n<p>&nbsp;<\/p>\n<p><a href=\"https:\/\/www.nextconsulting.se\/wp-content\/uploads\/2019\/09\/Varum\u00e4rkesunders\u00f6kning-varum\u00e4resanalys.png\"><img loading=\"lazy\" decoding=\"async\" width=\"700\" height=\"331\" class=\"size-large wp-image-3359 aligncenter\" src=\"https:\/\/www.nextconsulting.se\/wp-content\/uploads\/2019\/09\/Varum\u00e4rkesunders\u00f6kning-varum\u00e4resanalys-700x331.png\" alt=\"\" srcset=\"https:\/\/www.nextconsulting.se\/wp-content\/uploads\/2019\/09\/Varum\u00e4rkesunders\u00f6kning-varum\u00e4resanalys-700x331.png 700w, https:\/\/www.nextconsulting.se\/wp-content\/uploads\/2019\/09\/Varum\u00e4rkesunders\u00f6kning-varum\u00e4resanalys-250x118.png 250w, https:\/\/www.nextconsulting.se\/wp-content\/uploads\/2019\/09\/Varum\u00e4rkesunders\u00f6kning-varum\u00e4resanalys-768x364.png 768w, https:\/\/www.nextconsulting.se\/wp-content\/uploads\/2019\/09\/Varum\u00e4rkesunders\u00f6kning-varum\u00e4resanalys-600x284.png 600w, https:\/\/www.nextconsulting.se\/wp-content\/uploads\/2019\/09\/Varum\u00e4rkesunders\u00f6kning-varum\u00e4resanalys-120x57.png 120w, https:\/\/www.nextconsulting.se\/wp-content\/uploads\/2019\/09\/Varum\u00e4rkesunders\u00f6kning-varum\u00e4resanalys.png 1299w\" sizes=\"auto, (max-width: 700px) 100vw, 700px\" \/><\/a><\/p>\n<h2>Our research methods<\/h2>\n<p>When we conduct a quantitative brand survey, we normally use a web panel, or telephone interviews to collect responses. For a more qualitative brand analysis, we can carry out in-depth interviews or focus groups to produce more in-depth, qualitative information. In some cases, we can combine both quantitative and qualitative methods to produce a more comprehensive analysis.<\/p>\n<p>&nbsp;<\/p>\n<h2>Insightful analysis and reporting<\/h2>\n<p>We usually compile the results of a brand survey to create a detailed report with clear visuals, analyses, a summary, and conclusions and recommendations. Among other things, we can identify which factors are most important for creating a positive brand attitude, and we can map out how your brand is being perceived by different target groups.<\/p>\n<p>You can also get access to a web-based analysis tool where you can work with the results yourself and create tables and diagrams with exactly the cross-references and filters you want.<\/p>\n<p><strong>Examples of questions that a brand survey can answer:<\/strong><\/p>\n<ul>\n<li>What percentage of the target group knows of the brand (brand awareness)?<\/li>\n<li>To what extent does the market have a positive view of the brand?<\/li>\n<li>What positive or negative characteristics are associated with the brand?<\/li>\n<li>How is the brand positioned with respect to competing brands?<\/li>\n<\/ul>\n<p><a href=\"http:\/\/www.nextconsulting.se\/wp-content\/uploads\/2015\/03varum\u00e4rkesunders\u00f6kning.png\"><img loading=\"lazy\" decoding=\"async\" class=\"wp-image-1802 size-large aligncenter\" title=\"Brand analysis\" src=\"https:\/\/www.nextconsulting.se\/wp-content\/uploads\/2015\/03\/Resultat_marknadsunders\u00f6kning-700x203.png\" alt=\"Brand survey\" width=\"700\" height=\"203\" srcset=\"https:\/\/www.nextconsulting.se\/wp-content\/uploads\/2015\/03\/Resultat_marknadsunders\u00f6kning-700x203.png 700w, https:\/\/www.nextconsulting.se\/wp-content\/uploads\/2015\/03\/Resultat_marknadsunders\u00f6kning-250x73.png 250w, https:\/\/www.nextconsulting.se\/wp-content\/uploads\/2015\/03\/Resultat_marknadsunders\u00f6kning-768x223.png 768w, https:\/\/www.nextconsulting.se\/wp-content\/uploads\/2015\/03\/Resultat_marknadsunders\u00f6kning-120x35.png 120w, https:\/\/www.nextconsulting.se\/wp-content\/uploads\/2015\/03\/Resultat_marknadsunders\u00f6kning.png 1508w\" sizes=\"auto, (max-width: 700px) 100vw, 700px\" \/><\/a><\/p>\n<h2>Brand position analysis<\/h2>\n<p>In our brand research, we suggest mapping and analysing your relative position compared to your competitors based on brand awareness, acceptance and other important image factors. The results of this analysis will help you understand what your market position is with respect to your competitors.<\/p>\n<p>&nbsp;<\/p>\n<h2>Continuous brand tracking<\/h2>\n<p>If you want to monitor your brand more closely, we recommend continuous brand research, or so-called brand tracking. A new study is then conducted every month, quarter or half-year. By continuous brand tracking can show you how your brand is growing and how it is being impacted by marketing, new offers, competitors etc.<\/p>\n","protected":false},"excerpt":{"rendered":"A brand survey is an important tool for many different types of work relating to brand development. With a brand&#8230;","protected":false},"author":1,"featured_media":0,"parent":0,"menu_order":0,"comment_status":"closed","ping_status":"closed","template":"tjanst-sub_template_marknad.php","meta":{"_acf_changed":false,"_monsterinsights_skip_tracking":false,"_monsterinsights_sitenote_active":false,"_monsterinsights_sitenote_note":"","_monsterinsights_sitenote_category":0,"footnotes":""},"class_list":["post-4493","page","type-page","status-publish","hentry"],"acf":[],"yoast_head":"<!-- This site is optimized with the Yoast SEO plugin v27.5 - https:\/\/yoast.com\/product\/yoast-seo-wordpress\/ -->\n<title>BRAND SURVEY<\/title>\n<meta name=\"robots\" content=\"index, follow, max-snippet:-1, max-image-preview:large, max-video-preview:-1\" \/>\n<link rel=\"canonical\" href=\"https:\/\/www.nextconsulting.se\/en\/brand-survey\/\" \/>\n<meta property=\"og:locale\" content=\"en_US\" \/>\n<meta property=\"og:type\" content=\"article\" \/>\n<meta property=\"og:title\" content=\"BRAND SURVEY\" \/>\n<meta property=\"og:description\" content=\"A brand survey is an important tool for many different types of work relating to brand development. With a brand...\" \/>\n<meta property=\"og:url\" content=\"https:\/\/www.nextconsulting.se\/en\/brand-survey\/\" \/>\n<meta property=\"og:site_name\" content=\"Next Research &amp; Consulting\" \/>\n<meta property=\"article:modified_time\" content=\"2024-03-02T22:31:27+00:00\" \/>\n<meta name=\"twitter:label1\" content=\"Est. reading time\" \/>\n\t<meta name=\"twitter:data1\" content=\"3 minutes\" \/>\n<script type=\"application\/ld+json\" class=\"yoast-schema-graph\">{\"@context\":\"https:\\\/\\\/schema.org\",\"@graph\":[{\"@type\":\"Article\",\"@id\":\"https:\\\/\\\/www.nextconsulting.se\\\/en\\\/brand-survey\\\/#article\",\"isPartOf\":{\"@id\":\"https:\\\/\\\/www.nextconsulting.se\\\/en\\\/brand-survey\\\/\"},\"author\":{\"name\":\"admin\",\"@id\":\"https:\\\/\\\/www.nextconsulting.se\\\/#\\\/schema\\\/person\\\/976eaef2f310192b9742ef91dd9b83a8\"},\"headline\":\"Brand survey\",\"datePublished\":\"2013-09-27T09:27:31+00:00\",\"dateModified\":\"2024-03-02T22:31:27+00:00\",\"mainEntityOfPage\":{\"@id\":\"https:\\\/\\\/www.nextconsulting.se\\\/en\\\/brand-survey\\\/\"},\"wordCount\":480,\"inLanguage\":\"en-US\"},{\"@type\":\"WebPage\",\"@id\":\"https:\\\/\\\/www.nextconsulting.se\\\/en\\\/brand-survey\\\/\",\"url\":\"https:\\\/\\\/www.nextconsulting.se\\\/en\\\/brand-survey\\\/\",\"name\":\"BRAND SURVEY\",\"isPartOf\":{\"@id\":\"https:\\\/\\\/www.nextconsulting.se\\\/#website\"},\"datePublished\":\"2013-09-27T09:27:31+00:00\",\"dateModified\":\"2024-03-02T22:31:27+00:00\",\"breadcrumb\":{\"@id\":\"https:\\\/\\\/www.nextconsulting.se\\\/en\\\/brand-survey\\\/#breadcrumb\"},\"inLanguage\":\"en-US\",\"potentialAction\":[{\"@type\":\"ReadAction\",\"target\":[\"https:\\\/\\\/www.nextconsulting.se\\\/en\\\/brand-survey\\\/\"]}]},{\"@type\":\"BreadcrumbList\",\"@id\":\"https:\\\/\\\/www.nextconsulting.se\\\/en\\\/brand-survey\\\/#breadcrumb\",\"itemListElement\":[{\"@type\":\"ListItem\",\"position\":1,\"name\":\"Hem\",\"item\":\"https:\\\/\\\/www.nextconsulting.se\\\/en\\\/\"},{\"@type\":\"ListItem\",\"position\":2,\"name\":\"Brand survey\"}]},{\"@type\":\"WebSite\",\"@id\":\"https:\\\/\\\/www.nextconsulting.se\\\/#website\",\"url\":\"https:\\\/\\\/www.nextconsulting.se\\\/\",\"name\":\"Next Research &amp; Consulting\",\"description\":\"Insight &amp; Action\",\"potentialAction\":[{\"@type\":\"SearchAction\",\"target\":{\"@type\":\"EntryPoint\",\"urlTemplate\":\"https:\\\/\\\/www.nextconsulting.se\\\/?s={search_term_string}\"},\"query-input\":{\"@type\":\"PropertyValueSpecification\",\"valueRequired\":true,\"valueName\":\"search_term_string\"}}],\"inLanguage\":\"en-US\"},{\"@type\":\"Person\",\"@id\":\"https:\\\/\\\/www.nextconsulting.se\\\/#\\\/schema\\\/person\\\/976eaef2f310192b9742ef91dd9b83a8\",\"name\":\"admin\",\"image\":{\"@type\":\"ImageObject\",\"inLanguage\":\"en-US\",\"@id\":\"https:\\\/\\\/secure.gravatar.com\\\/avatar\\\/d578b8aa0284b75a7573f95491da3b8294a49c1ac437fd7f605794a16c780942?s=96&d=mm&r=g\",\"url\":\"https:\\\/\\\/secure.gravatar.com\\\/avatar\\\/d578b8aa0284b75a7573f95491da3b8294a49c1ac437fd7f605794a16c780942?s=96&d=mm&r=g\",\"contentUrl\":\"https:\\\/\\\/secure.gravatar.com\\\/avatar\\\/d578b8aa0284b75a7573f95491da3b8294a49c1ac437fd7f605794a16c780942?s=96&d=mm&r=g\",\"caption\":\"admin\"},\"url\":\"https:\\\/\\\/www.nextconsulting.se\\\/en\\\/author\\\/admin\\\/\"}]}<\/script>\n<!-- \/ Yoast SEO plugin. -->","yoast_head_json":{"title":"BRAND SURVEY","robots":{"index":"index","follow":"follow","max-snippet":"max-snippet:-1","max-image-preview":"max-image-preview:large","max-video-preview":"max-video-preview:-1"},"canonical":"https:\/\/www.nextconsulting.se\/en\/brand-survey\/","og_locale":"en_US","og_type":"article","og_title":"BRAND SURVEY","og_description":"A brand survey is an important tool for many different types of work relating to brand development. With a brand...","og_url":"https:\/\/www.nextconsulting.se\/en\/brand-survey\/","og_site_name":"Next Research &amp; Consulting","article_modified_time":"2024-03-02T22:31:27+00:00","twitter_misc":{"Est. reading time":"3 minutes"},"schema":{"@context":"https:\/\/schema.org","@graph":[{"@type":"Article","@id":"https:\/\/www.nextconsulting.se\/en\/brand-survey\/#article","isPartOf":{"@id":"https:\/\/www.nextconsulting.se\/en\/brand-survey\/"},"author":{"name":"admin","@id":"https:\/\/www.nextconsulting.se\/#\/schema\/person\/976eaef2f310192b9742ef91dd9b83a8"},"headline":"Brand survey","datePublished":"2013-09-27T09:27:31+00:00","dateModified":"2024-03-02T22:31:27+00:00","mainEntityOfPage":{"@id":"https:\/\/www.nextconsulting.se\/en\/brand-survey\/"},"wordCount":480,"inLanguage":"en-US"},{"@type":"WebPage","@id":"https:\/\/www.nextconsulting.se\/en\/brand-survey\/","url":"https:\/\/www.nextconsulting.se\/en\/brand-survey\/","name":"BRAND SURVEY","isPartOf":{"@id":"https:\/\/www.nextconsulting.se\/#website"},"datePublished":"2013-09-27T09:27:31+00:00","dateModified":"2024-03-02T22:31:27+00:00","breadcrumb":{"@id":"https:\/\/www.nextconsulting.se\/en\/brand-survey\/#breadcrumb"},"inLanguage":"en-US","potentialAction":[{"@type":"ReadAction","target":["https:\/\/www.nextconsulting.se\/en\/brand-survey\/"]}]},{"@type":"BreadcrumbList","@id":"https:\/\/www.nextconsulting.se\/en\/brand-survey\/#breadcrumb","itemListElement":[{"@type":"ListItem","position":1,"name":"Hem","item":"https:\/\/www.nextconsulting.se\/en\/"},{"@type":"ListItem","position":2,"name":"Brand survey"}]},{"@type":"WebSite","@id":"https:\/\/www.nextconsulting.se\/#website","url":"https:\/\/www.nextconsulting.se\/","name":"Next Research &amp; Consulting","description":"Insight &amp; Action","potentialAction":[{"@type":"SearchAction","target":{"@type":"EntryPoint","urlTemplate":"https:\/\/www.nextconsulting.se\/?s={search_term_string}"},"query-input":{"@type":"PropertyValueSpecification","valueRequired":true,"valueName":"search_term_string"}}],"inLanguage":"en-US"},{"@type":"Person","@id":"https:\/\/www.nextconsulting.se\/#\/schema\/person\/976eaef2f310192b9742ef91dd9b83a8","name":"admin","image":{"@type":"ImageObject","inLanguage":"en-US","@id":"https:\/\/secure.gravatar.com\/avatar\/d578b8aa0284b75a7573f95491da3b8294a49c1ac437fd7f605794a16c780942?s=96&d=mm&r=g","url":"https:\/\/secure.gravatar.com\/avatar\/d578b8aa0284b75a7573f95491da3b8294a49c1ac437fd7f605794a16c780942?s=96&d=mm&r=g","contentUrl":"https:\/\/secure.gravatar.com\/avatar\/d578b8aa0284b75a7573f95491da3b8294a49c1ac437fd7f605794a16c780942?s=96&d=mm&r=g","caption":"admin"},"url":"https:\/\/www.nextconsulting.se\/en\/author\/admin\/"}]}},"_links":{"self":[{"href":"https:\/\/www.nextconsulting.se\/en\/wp-json\/wp\/v2\/pages\/4493","targetHints":{"allow":["GET"]}}],"collection":[{"href":"https:\/\/www.nextconsulting.se\/en\/wp-json\/wp\/v2\/pages"}],"about":[{"href":"https:\/\/www.nextconsulting.se\/en\/wp-json\/wp\/v2\/types\/page"}],"author":[{"embeddable":true,"href":"https:\/\/www.nextconsulting.se\/en\/wp-json\/wp\/v2\/users\/1"}],"replies":[{"embeddable":true,"href":"https:\/\/www.nextconsulting.se\/en\/wp-json\/wp\/v2\/comments?post=4493"}],"version-history":[{"count":13,"href":"https:\/\/www.nextconsulting.se\/en\/wp-json\/wp\/v2\/pages\/4493\/revisions"}],"predecessor-version":[{"id":6184,"href":"https:\/\/www.nextconsulting.se\/en\/wp-json\/wp\/v2\/pages\/4493\/revisions\/6184"}],"wp:attachment":[{"href":"https:\/\/www.nextconsulting.se\/en\/wp-json\/wp\/v2\/media?parent=4493"}],"curies":[{"name":"wp","href":"https:\/\/api.w.org\/{rel}","templated":true}]}}